{"id":1728,"date":"2021-02-01T16:44:48","date_gmt":"2021-02-01T16:44:48","guid":{"rendered":"https:\/\/www.qrpyramide.de\/?page_id=1728"},"modified":"2026-01-22T22:28:35","modified_gmt":"2026-01-22T21:28:35","slug":"jobs","status":"publish","type":"page","link":"https:\/\/www.qrpyramide.de\/da\/jobs\/","title":{"rendered":"Job"},"content":{"rendered":"<div data-colibri-id=\"1728-c1\" class=\"style-557 style-local-1728-c1 position-relative\">\r\n  <!---->\r\n  <div data-colibri-component=\"section\" data-colibri-id=\"1728-c2\" id=\"about\" class=\"h-section h-section-global-spacing d-flex align-items-lg-center align-items-md-center align-items-center style-588 style-local-1728-c2 position-relative\">\r\n    <!---->\r\n    <!---->\r\n    <div class=\"h-section-grid-container h-section-boxed-container\">\r\n      <!---->\r\n      <div data-colibri-id=\"1728-c3\" class=\"h-row-container gutters-row-lg-2 gutters-row-md-2 gutters-row-2 gutters-row-v-lg-2 gutters-row-v-md-2 gutters-row-v-2 style-589 style-local-1728-c3 position-relative\">\r\n        <!---->\r\n        <div class=\"h-row justify-content-lg-center justify-content-md-center justify-content-center align-items-lg-stretch align-items-md-stretch align-items-stretch gutters-col-lg-2 gutters-col-md-2 gutters-col-2 gutters-col-v-lg-2 gutters-col-v-md-2 gutters-col-v-2\">\r\n          <!---->\r\n          <div class=\"h-column h-column-container d-flex h-col-lg-auto h-col-md-auto h-col-auto style-590-outer style-local-1728-c4-outer\">\r\n            <div data-colibri-id=\"1728-c4\" class=\"d-flex h-flex-basis h-column__inner h-px-lg-2 h-px-md-2 h-px-2 v-inner-lg-2 v-inner-md-2 v-inner-2 style-590 style-local-1728-c4 position-relative\">\r\n              <!---->\r\n              <!---->\r\n              <div class=\"w-100 h-y-container h-column__content h-column__v-align flex-basis-100 align-self-lg-center align-self-md-center align-self-center\">\r\n                <!---->\r\n                <div data-colibri-id=\"1728-c5\" class=\"h-global-transition-all h-heading style-591 style-local-1728-c5 position-relative h-element\">\r\n                  <!---->\r\n                  <div class=\"h-heading__outer style-591 style-local-1728-c5\">\r\n                    <!---->\r\n                    <!---->\r\n                    <h2 class=\"\"><span style=\"font-weight: 400;\">Distributionen af et nyt produkt er altid inspirerende<\/span><\/h2>\r\n                  <\/div>\r\n                <\/div>\r\n                <div data-colibri-id=\"1728-c6\" class=\"h-lead h-text h-text-component style-592 style-local-1728-c6 position-relative h-element\">\r\n                  <!---->\r\n                  <!---->\r\n                  <div class=\"\">\r\n                    <p>\"Mange erhvervskunder venter bare p\u00e5 QRPYRAMIDE\".<\/p>\r\n                  <\/div>\r\n                <\/div>\r\n                <div data-colibri-id=\"1728-c7\" class=\"h-lead h-text h-text-component style-593 style-local-1728-c7 position-relative h-element\">\r\n                  <!---->\r\n                  <!---->\r\n                  <div class=\"\">\r\n                    <p>Wir sind uns sicher, dass die Einf\u00fchrung eines Services wie die QRPYRAMIDE f\u00fcr den Unternehmer einen richtungsweisenden Vorteil bringt. \u00dcber die intelligente Verbindung von weltbekannter geometrischer Form und Cloud-Technologie k\u00f6nnen\r\n                      wir unsere Mission realisieren:\r\n                      <br><em>Brugervenlig - Teknologivenlig - Milj\u00f8venlig<\/em><\/p>\r\n                    <p><em>Dr. Joachim Opitz<br>Salgschef for D\/A\/CH-regionen<br><\/em><\/p>\r\n                  <\/div>\r\n                <\/div>\r\n              <\/div>\r\n            <\/div>\r\n          <\/div>\r\n          <div class=\"h-column h-column-container d-flex h-col-lg-auto h-col-md-auto h-col-auto style-596-outer style-local-1728-c8-outer\">\r\n            <div data-colibri-id=\"1728-c8\" class=\"d-flex h-flex-basis h-column__inner h-px-lg-2 h-px-md-2 h-px-2 v-inner-lg-2 v-inner-md-2 v-inner-2 style-596 style-local-1728-c8 position-relative\">\r\n              <!---->\r\n              <!---->\r\n              <div class=\"w-100 h-y-container h-column__content h-column__v-align flex-basis-100 align-self-lg-center align-self-md-center align-self-center\">\r\n                <!---->\r\n                <div data-colibri-id=\"1728-c9\" class=\"h-row-container gutters-row-lg-0 gutters-row-md-0 gutters-row-0 gutters-row-v-lg-0 gutters-row-v-md-0 gutters-row-v-0 style-597 style-local-1728-c9 position-relative\">\r\n                  <!---->\r\n                  <div class=\"h-row justify-content-lg-start justify-content-md-start justify-content-start align-items-lg-stretch align-items-md-stretch align-items-stretch gutters-col-lg-0 gutters-col-md-0 gutters-col-0 gutters-col-v-lg-0 gutters-col-v-md-0 gutters-col-v-0\">\r\n                    <!---->\r\n                    <div class=\"h-column h-column-container d-flex h-col-lg-auto h-col-md-auto h-col-auto style-598-outer style-local-1728-c10-outer\">\r\n                      <div data-colibri-id=\"1728-c10\" class=\"d-flex h-flex-basis h-column__inner h-px-lg-3 h-px-md-3 h-px-3 v-inner-lg-3 v-inner-md-3 v-inner-3 style-598 style-local-1728-c10 position-relative\">\r\n                        <!---->\r\n                        <!---->\r\n                        <div class=\"w-100 h-y-container h-column__content h-column__v-align flex-basis-100 align-self-lg-center align-self-md-center align-self-center\">\r\n                          <!---->\r\n                          <div data-colibri-id=\"1728-c11\" class=\"h-global-transition-all h-heading style-599 style-local-1728-c11 position-relative h-element\">\r\n                            <!---->\r\n                            <div class=\"h-heading__outer style-599 style-local-1728-c11\">\r\n                              <!---->\r\n                              <!---->\r\n                              <h3 class=\"\"><span style=\"color: rgb(255, 255, 255);\">Vi leder efter dig<\/span><\/h3>\r\n                            <\/div>\r\n                          <\/div>\r\n                          <div data-colibri-id=\"1728-c12\" class=\"h-text h-text-component style-601 style-local-1728-c12 position-relative h-element\">\r\n                            <!---->\r\n                            <!---->\r\n                            <div class=\"\">\r\n                              <p><span style=\"color: rgb(255, 255, 255);\">Har du lyst til at erobre det tyske og europ\u00e6iske marked sammen med os?<\/span><\/p>\r\n                            <\/div>\r\n                          <\/div>\r\n                          <div data-colibri-id=\"1728-c13\" class=\"style-602 style-local-1728-c13 position-relative h-element\">\r\n                            <!---->\r\n                          <\/div>\r\n                          <div data-colibri-id=\"1728-c14\" class=\"h-x-container style-603 style-local-1728-c14 position-relative h-element\">\r\n                            <!---->\r\n                            <div class=\"h-x-container-inner style-dynamic-1728-c14-group style-603-spacing style-local-1728-c14-spacing\"><span class=\"h-link__outer style-604-outer style-local-1728-c15-outer d-inline-flex h-element\"><a h-use-smooth-scroll=\"true\" href=\"tel:\/\/+491707763077\"  data-colibri-id=\"1728-c15\" data-aos=\"bounceIn\" class=\"d-flex w-100 align-items-center h-link style-604 style-local-1728-c15 position-relative\"><!----><!----> <span>Du er velkommen til at ringe til os<\/span>                              <span class=\"h-svg-icon h-link__icon style-604-icon style-local-1728-c15-icon\"><!--Icon by Material Icons (https:\/\/material.io)--><svg version=\"1.1\" xmlns=\"http:\/\/www.w3.org\/2000\/svg\" xmlns:xlink=\"http:\/\/www.w3.org\/1999\/xlink\" id=\"smartphone\" viewbox=\"0 0 512 512\"><path d=\"M363 405V107H149v298h214zm0-383q17 0 29.5 12.5T405 64v384q0 17-12.5 30T363 491H149q-17 0-29.5-13T107 448V64q0-17 12.5-30T149 21l214 1z\"><\/path><\/svg><\/span><\/a>\r\n                              <\/span>\r\n                            <\/div>\r\n                          <\/div>\r\n                        <\/div>\r\n                      <\/div>\r\n                    <\/div>\r\n                  <\/div>\r\n                <\/div>\r\n                <div data-colibri-id=\"1728-c16\" class=\"h-multiple-image style-605 style-local-1728-c16 position-relative h-element\">\r\n                  <!---->\r\n                  <div class=\"position-relative\">\r\n                    <div class=\"h-multiple-image-inside-container\">\r\n                      <div class=\"ratio-inner\">\r\n                        <div data-colibri-id=\"1728-c17\" class=\"d-block style-606 style-local-1728-c17 position-relative h-element\">\r\n                          <!---->\r\n                          <div class=\"h-image__frame-container-outer\">\r\n                            <div class=\"h-image__frame-container\">\r\n                              <!---->\r\n                              <!---->\r\n                              <img loading=\"lazy\" decoding=\"async\" width=\"512\" height=\"512\" src=\"https:\/\/www.qrpyramide.de\/wp-content\/uploads\/2021\/01\/cropped-2021-01-13-favicon-wp.png\" class=\"style-605-images style-local-1728-c16-images wp-image-122 style-606-image style-local-1728-c17-image\" alt=\"\" srcset=\"https:\/\/www.qrpyramide.de\/wp-content\/uploads\/2021\/01\/cropped-2021-01-13-favicon-wp.png 512w, https:\/\/www.qrpyramide.de\/wp-content\/uploads\/2021\/01\/cropped-2021-01-13-favicon-wp-300x300.png 300w, https:\/\/www.qrpyramide.de\/wp-content\/uploads\/2021\/01\/cropped-2021-01-13-favicon-wp-150x150.png 150w, https:\/\/www.qrpyramide.de\/wp-content\/uploads\/2021\/01\/cropped-2021-01-13-favicon-wp-270x270.png 270w, https:\/\/www.qrpyramide.de\/wp-content\/uploads\/2021\/01\/cropped-2021-01-13-favicon-wp-192x192.png 192w, https:\/\/www.qrpyramide.de\/wp-content\/uploads\/2021\/01\/cropped-2021-01-13-favicon-wp-180x180.png 180w, https:\/\/www.qrpyramide.de\/wp-content\/uploads\/2021\/01\/cropped-2021-01-13-favicon-wp-32x32.png 32w\" sizes=\"(max-width: 512px) 100vw, 512px\" \/>\r\n                              <div class=\"h-image__frame h-hide-lg h-hide-md h-hide-sm style-606-frameImage style-local-1728-c17-frameImage\"><\/div>\r\n                            <\/div>\r\n                          <\/div>\r\n                        <\/div>\r\n                        <div data-colibri-id=\"1728-c18\" class=\"d-block style-959 style-local-1728-c18 position-relative h-element\">\r\n                          <!---->\r\n                          <div class=\"h-image__frame-container-outer\">\r\n                            <div class=\"h-image__frame-container\">\r\n                              <!---->\r\n                              <!---->\r\n                              <img loading=\"lazy\" decoding=\"async\" width=\"500\" height=\"500\" src=\"https:\/\/www.qrpyramide.de\/wp-content\/uploads\/2021\/07\/premiumpartnerwhite.png\" class=\"style-605-images style-local-1728-c16-images wp-image-4865 style-959-image style-local-1728-c18-image\" alt=\"\" srcset=\"https:\/\/www.qrpyramide.de\/wp-content\/uploads\/2021\/07\/premiumpartnerwhite.png 500w, https:\/\/www.qrpyramide.de\/wp-content\/uploads\/2021\/07\/premiumpartnerwhite-300x300.png 300w, https:\/\/www.qrpyramide.de\/wp-content\/uploads\/2021\/07\/premiumpartnerwhite-150x150.png 150w\" sizes=\"(max-width: 500px) 100vw, 500px\" \/>\r\n                              <div class=\"h-image__frame h-hide-lg h-hide-md h-hide-sm style-959-frameImage style-local-1728-c18-frameImage\"><\/div>\r\n                            <\/div>\r\n                          <\/div>\r\n                        <\/div>\r\n                      <\/div>\r\n                    <\/div>\r\n                  <\/div>\r\n                <\/div>\r\n              <\/div>\r\n            <\/div>\r\n          <\/div>\r\n        <\/div>\r\n      <\/div>\r\n    <\/div>\r\n  <\/div>\r\n  <div data-colibri-component=\"section\" data-colibri-id=\"1728-c19\" id=\"custom\" class=\"h-section h-section-global-spacing d-flex align-items-lg-center align-items-md-center align-items-center style-613 style-local-1728-c19 position-relative\">\r\n    <!---->\r\n    <!---->\r\n    <div class=\"h-section-grid-container h-section-boxed-container\">\r\n      <!---->\r\n      <div data-colibri-id=\"1728-c20\" class=\"h-row-container gutters-row-lg-2 gutters-row-md-2 gutters-row-0 gutters-row-v-lg-2 gutters-row-v-md-2 gutters-row-v-2 style-614 style-local-1728-c20 position-relative\">\r\n        <!---->\r\n        <div class=\"h-row justify-content-lg-center justify-content-md-center justify-content-center align-items-lg-stretch align-items-md-stretch align-items-stretch gutters-col-lg-2 gutters-col-md-2 gutters-col-0 gutters-col-v-lg-2 gutters-col-v-md-2 gutters-col-v-2\">\r\n          <!---->\r\n          <div class=\"h-column h-column-container d-flex h-col-lg-auto h-col-md-auto h-col-auto style-615-outer style-local-1728-c21-outer\">\r\n            <div data-colibri-id=\"1728-c21\" class=\"d-flex h-flex-basis h-column__inner h-px-lg-2 h-px-md-2 h-px-2 v-inner-lg-2 v-inner-md-2 v-inner-2 style-615 style-local-1728-c21 position-relative\">\r\n              <!---->\r\n              <!---->\r\n              <div class=\"w-100 h-y-container h-column__content h-column__v-align flex-basis-100 align-self-lg-start align-self-md-start align-self-start\">\r\n                <!---->\r\n                <div data-colibri-id=\"1728-c22\" class=\"d-block style-636 style-local-1728-c22 position-relative h-element\">\r\n                  <!---->\r\n                  <div class=\"h-image__frame-container-outer\">\r\n                    <a href=\"https:\/\/www.qrpyramide.de\/3d\/\" h-use-smooth-scroll=\"true\" class=\"image-link\">\r\n                      <div class=\"h-image__frame-container\">\r\n                        <!---->\r\n                        <!---->\r\n                        <img loading=\"lazy\" decoding=\"async\" width=\"1633\" height=\"1223\" src=\"https:\/\/www.qrpyramide.de\/wp-content\/uploads\/2021\/11\/2021-10-15-3d.webp\" class=\"wp-image-8316 style-636-image style-local-1728-c22-image\" alt=\"\" srcset=\"https:\/\/www.qrpyramide.de\/wp-content\/uploads\/2021\/11\/2021-10-15-3d.webp 1633w, https:\/\/www.qrpyramide.de\/wp-content\/uploads\/2021\/11\/2021-10-15-3d-300x225.webp 300w, https:\/\/www.qrpyramide.de\/wp-content\/uploads\/2021\/11\/2021-10-15-3d-1024x767.webp 1024w, https:\/\/www.qrpyramide.de\/wp-content\/uploads\/2021\/11\/2021-10-15-3d-768x575.webp 768w, https:\/\/www.qrpyramide.de\/wp-content\/uploads\/2021\/11\/2021-10-15-3d-1536x1150.webp 1536w, https:\/\/www.qrpyramide.de\/wp-content\/uploads\/2021\/11\/2021-10-15-3d-16x12.webp 16w\" sizes=\"(max-width: 1633px) 100vw, 1633px\" \/>\r\n                        <div class=\"h-image__frame h-hide-lg h-hide-md h-hide-sm style-636-frameImage style-local-1728-c22-frameImage\"><\/div>\r\n                      <\/div>\r\n                    <\/a>\r\n                  <\/div>\r\n                <\/div>\r\n              <\/div>\r\n            <\/div>\r\n          <\/div>\r\n        <\/div>\r\n      <\/div>\r\n    <\/div>\r\n  <\/div>\r\n  <div data-colibri-component=\"section\" data-colibri-id=\"1728-c23\" id=\"custom-2\" class=\"h-section h-section-global-spacing d-flex align-items-lg-center align-items-md-center align-items-center style-633 style-local-1728-c23 position-relative\">\r\n    <!---->\r\n    <!---->\r\n    <div class=\"h-section-grid-container h-section-boxed-container\">\r\n      <!---->\r\n      <div data-colibri-id=\"1728-c24\" class=\"h-row-container gutters-row-lg-2 gutters-row-md-2 gutters-row-0 gutters-row-v-lg-2 gutters-row-v-md-2 gutters-row-v-2 style-634 style-local-1728-c24 position-relative\">\r\n        <!---->\r\n        <div class=\"h-row justify-content-lg-center justify-content-md-center justify-content-center align-items-lg-stretch align-items-md-stretch align-items-stretch gutters-col-lg-2 gutters-col-md-2 gutters-col-0 gutters-col-v-lg-2 gutters-col-v-md-2 gutters-col-v-2\">\r\n          <!---->\r\n          <div class=\"h-column h-column-container d-flex h-col-lg-auto h-col-md-auto h-col-auto style-635-outer style-local-1728-c25-outer\">\r\n            <div data-colibri-id=\"1728-c25\" class=\"d-flex h-flex-basis h-column__inner h-px-lg-2 h-px-md-2 h-px-2 v-inner-lg-2 v-inner-md-2 v-inner-2 style-635 style-local-1728-c25 position-relative\">\r\n              <!---->\r\n              <!---->\r\n              <div class=\"w-100 h-y-container h-column__content h-column__v-align flex-basis-100 align-self-lg-center align-self-md-center align-self-center\">\r\n                <!---->\r\n                <div data-colibri-id=\"1728-c26\" class=\"h-x-container style-662 style-local-1728-c26 position-relative h-element\">\r\n                  <!---->\r\n                  <div class=\"h-x-container-inner style-dynamic-1728-c26-group\">\r\n                    <!----><span class=\"h-button__outer style-663-outer style-local-1728-c27-outer d-inline-flex h-element\"><a  h-use-smooth-scroll=\"true\" href=\"https:\/\/www.qrpyramide.de\/da\/\"  data-colibri-id=\"1728-c27\" class=\"d-flex w-100 align-items-center h-button justify-content-lg-center justify-content-md-center justify-content-center style-663 style-local-1728-c27 position-relative\"><!----><!----> <span >Hjem<\/span><\/a>\r\n                    <\/span>\r\n                  <\/div>\r\n                <\/div>\r\n              <\/div>\r\n            <\/div>\r\n          <\/div>\r\n        <\/div>\r\n      <\/div>\r\n    <\/div>\r\n  <\/div>\r\n<\/div>","protected":false},"excerpt":{"rendered":"<p>Der Vertrieb eines neuartigen Produktes ist immer befl\u00fcgelnd &#8222;Viele Gewerbekunden warten nur auf die QRPYRAMIDE&#8220; Wir sind uns sicher, dass die Einf\u00fchrung eines Services wie die QRPYRAMIDE f\u00fcr den Unternehmer einen richtungsweisenden Vorteil bringt. \u00dcber die intelligente Verbindung von weltbekannter geometrischer Form und Cloud-Technologie k\u00f6nnen wir unsere Mission realisieren: Benutzerfreundlich &#8211; Technikfreundlich &#8211; Umweltfreundlich Dr. [&hellip;]<\/p>\n","protected":false},"author":1,"featured_media":0,"parent":0,"menu_order":0,"comment_status":"closed","ping_status":"closed","template":"page-templates\/full-width-page.php","meta":{"om_disable_all_campaigns":false,"inline_featured_image":false,"footnotes":""},"class_list":["post-1728","page","type-page","status-publish","hentry"],"_links":{"self":[{"href":"https:\/\/www.qrpyramide.de\/da\/wp-json\/wp\/v2\/pages\/1728"}],"collection":[{"href":"https:\/\/www.qrpyramide.de\/da\/wp-json\/wp\/v2\/pages"}],"about":[{"href":"https:\/\/www.qrpyramide.de\/da\/wp-json\/wp\/v2\/types\/page"}],"author":[{"embeddable":true,"href":"https:\/\/www.qrpyramide.de\/da\/wp-json\/wp\/v2\/users\/1"}],"replies":[{"embeddable":true,"href":"https:\/\/www.qrpyramide.de\/da\/wp-json\/wp\/v2\/comments?post=1728"}],"version-history":[{"count":7,"href":"https:\/\/www.qrpyramide.de\/da\/wp-json\/wp\/v2\/pages\/1728\/revisions"}],"predecessor-version":[{"id":9918,"href":"https:\/\/www.qrpyramide.de\/da\/wp-json\/wp\/v2\/pages\/1728\/revisions\/9918"}],"wp:attachment":[{"href":"https:\/\/www.qrpyramide.de\/da\/wp-json\/wp\/v2\/media?parent=1728"}],"curies":[{"name":"wp","href":"https:\/\/api.w.org\/{rel}","templated":true}]}}